{"id":37,"date":"2014-10-26T22:08:08","date_gmt":"2014-10-26T22:08:08","guid":{"rendered":"http:\/\/veratabeling.ch\/?page_id=37"},"modified":"2016-06-03T12:52:25","modified_gmt":"2016-06-03T11:52:25","slug":"biografie","status":"publish","type":"page","link":"http:\/\/www.veratabeling.ch\/?page_id=37","title":{"rendered":"Biografie"},"content":{"rendered":"<p>Vera Tabeling geboren 1976 in Olten. Bereits in der fr\u00fchen Jugend wurde sie von ihren Eltern mit der Musik vertraut gemacht. Sie genoss seit dem Alter von 6 Jahren 10 Jahre klassischen Klavierunterricht und war von 1989 bis 1993 Mitglied im Chor der Opernwerkstatt Olten. Die Leidenschaft zum Gesang war geboren und sie nahm klassischen Gesangsunterricht. Gleichzeitig entdeckte sie andere, modernere Stilrichtungen wie Pop, Rock, und Blues.<\/p>\n<p>Im Jahr 1998 erfolgte ihr Debut als Jazzs\u00e4ngerin an den Oltner Jazztagen mit Umberto Arlati\u2019s Rehearsal Big Band. Weitere Engagements von Umberto Arlati, Big-Bandleader und Trompetenlehrer an der Swiss Jazz School Bern folgten. Von 1998 bis 2003 war sie Leads\u00e4ngerin der Big-Band Olten.<\/p>\n<p>Das R\u00fcstzeug f\u00fcr den Jazzgesang holte sie sich in dieser Zeit bei Sandy Patton an der Swiss Jazz School Bern (bis 2005), und beim Pianisten Neville Thomas, mit dem sie Songs von Cole Porter, George Gershwin u.v.a. aus der Jazztradition interpretierte.<\/p>\n<p>Ab 2005 folgten sechs Jahre \u201eon the road\u201c Erfahrung in Kanada wo sie bis 2010 lebte. Die Liebe sowie Ihre Leidenschaft f\u00fcr Musik und Kultur f\u00fchrten Vera Tabeling zur\u00fcck in Ihre Heimatstadt Olten, wo sie sich seit November 2010 u.a. auch als S\u00e4ngerin und Teammitglied bei der Kultshow \u201eNachtfieber\u201c engagiert. Im November 2011 gr\u00fcndet sie zusammen mit Marc Tabeling die Kulturreihe \u201eTick vor 12\u201c, bei der sie, als Gasts\u00e4ngerin in der musikalischen Lesung \u201eGes(t)ammelte Werke\u201c, die Gelegenheit wahrnahm, auch ihre Liebe zum Chanson zum Ausdruck zu bringen.<\/p>\n<p>2011 entsteht aus einem Experiment das erste Jazz-Trio, Blackcoffee aus unbek\u00fcmmertem und authentischem Jammen mit Drummer Robert Weder am Piano und Jonas L\u00fcscher am Kontrabass.<\/p>\n<p>Es folgen diverse Auftritte f\u00fcr Firmen, Hochzeiten, Trauerfeiern und Privatanl\u00e4sse unter anderen mit Roman Wyss (piano), Gastauftritte, der Nachtfieber Showband, sowie die Gr\u00fcndung des Ladyjazz-Trios \u201eLady be good \u201e im Jahre 2016.<\/p>\n<p>Im selben Jahr geht ebenso ein lang ersehnter Wunsch mit der Gr\u00fcndung des Vera Tabeling Trio mit Pianist Roland K\u00f6ppel und Saxophonist Roland Philipp in Erf\u00fcllung.<\/p>\n<p><strong>Weiterbildungen<\/strong><br \/>\nSandy Patton (Swiss Jazz Scool, Bern)<br \/>\nRhonda Dorsey (In Voice Vocal Training, Bern)<br \/>\nMarkus Oberholzer (Stimmbildung und Gesangsunterricht)<\/p>\n<p><strong>Zusammenarbeit\/Auftritte mit Schriftstellern und Schauspielern<\/strong><br \/>\nRhaban Straumann (Schauspieler und Schriftsteller\/Lesung mit Lieder\/franz\u00f6sische und deutsche Chansons)<br \/>\nMatthias Kunz (Schauspieler)<br \/>\nRolf Strub (Schauspieler)<\/p>\n","protected":false},"excerpt":{"rendered":"<p>Vera Tabeling geboren 1976 in Olten. Bereits in der fr\u00fchen Jugend wurde sie von ihren Eltern mit der Musik vertraut gemacht. Sie genoss seit dem Alter von 6 Jahren 10 Jahre klassischen Klavierunterricht und war von 1989 bis 1993 Mitglied im Chor der Opernwerkstatt Olten. Die Leidenschaft zum Gesang war geboren und sie nahm klassischen [&hellip;]<\/p>\n","protected":false},"author":1,"featured_media":0,"parent":0,"menu_order":0,"comment_status":"closed","ping_status":"closed","template":"","meta":{"footnotes":""},"_links":{"self":[{"href":"http:\/\/www.veratabeling.ch\/index.php?rest_route=\/wp\/v2\/pages\/37"}],"collection":[{"href":"http:\/\/www.veratabeling.ch\/index.php?rest_route=\/wp\/v2\/pages"}],"about":[{"href":"http:\/\/www.veratabeling.ch\/index.php?rest_route=\/wp\/v2\/types\/page"}],"author":[{"embeddable":true,"href":"http:\/\/www.veratabeling.ch\/index.php?rest_route=\/wp\/v2\/users\/1"}],"replies":[{"embeddable":true,"href":"http:\/\/www.veratabeling.ch\/index.php?rest_route=%2Fwp%2Fv2%2Fcomments&post=37"}],"version-history":[{"count":3,"href":"http:\/\/www.veratabeling.ch\/index.php?rest_route=\/wp\/v2\/pages\/37\/revisions"}],"predecessor-version":[{"id":205,"href":"http:\/\/www.veratabeling.ch\/index.php?rest_route=\/wp\/v2\/pages\/37\/revisions\/205"}],"wp:attachment":[{"href":"http:\/\/www.veratabeling.ch\/index.php?rest_route=%2Fwp%2Fv2%2Fmedia&parent=37"}],"curies":[{"name":"wp","href":"https:\/\/api.w.org\/{rel}","templated":true}]}}