{"id":52,"date":"2014-10-28T09:34:00","date_gmt":"2014-10-28T09:34:00","guid":{"rendered":"http:\/\/veratabeling.ch\/?page_id=52"},"modified":"2017-10-24T20:02:11","modified_gmt":"2017-10-24T19:02:11","slug":"bands","status":"publish","type":"page","link":"http:\/\/www.veratabeling.ch\/?page_id=52","title":{"rendered":"Bands"},"content":{"rendered":"<p><strong>Vera Tabeling Trio<\/strong><br \/>\nTiefwurzelnde, traditionelle Sch\u00f6nheit von gestandenen klassischen Jazz-Standards mit inspirierenden Geschichten aus dem Leben gegriffen. Das Vera Tabeling Trio spielt vielgeliebte, alte Jazz-Standards, verleiht den Melodien neues, starkes Leben, und transportiert sie spielerisch in unsere \u00c4ra. Zudem verspricht die Instrumentierung eine interessante Durchmischung und das Trio damit einen unterhaltsamen Auftritt mit spannendem und authentischem Easy Listening-Jazz.<br \/>\nVera Tabeling (voc)<br \/>\nRoland K\u00f6ppel (piano)<br \/>\nRoland &#8222;Phile&#8220; Philipp (sax)<\/p>\n<p><strong>Lady be good<br \/>\n<\/strong>Smooth Lady-Jazz: Jazzperlen kombiniert mit dem American Songbook.<br \/>\nVera Tabeling (voc)<br \/>\nRahel Thierstein (piano)<br \/>\nFabienne Hoerni (Sax)<\/p>\n<p><strong>Blackcoffee<\/strong><br \/>\nSwingender Jazz in Franz\u00f6sisch und Englisch mit einer kr\u00e4ftigen Prise Blues, Latin, bis Pop verspricht brasilianische W\u00fcrze, horizontale Weite und harmonische Kl\u00e4nge.<br \/>\nVera Tabeling (voc)<br \/>\nRobert Weder (piano)<br \/>\nJonas L\u00fcscher (bass)<\/p>\n<p><strong>Musikalische Arbeit in Formationen mit:<\/strong><br \/>\nFabian Capaldi, Roland Philipp, Andr\u00e9 Kunz, Fabienne Hoerni, Robert Weder, Loris Peloso, Roland K\u00f6ppel, Rahel Thierstein, Jonas L\u00fcscher, Daniel Rapold, Umberto Arlati, George Roberts, Emanuel Schnyder, Roman Wyss, Rolf Strub<\/p>\n<p><strong>Anl\u00e4sse<\/strong><br \/>\nKonzerte, Corporate Events, Vernissagen, Matin\u00e9es, Hochzeiten<\/p>\n<p><strong>Musikrichtungen<\/strong><br \/>\nJazz, Chansons<\/p>\n<p><strong>Kontakt<\/strong><br \/>\nMobile +41 79 959 62 59<\/p>\n","protected":false},"excerpt":{"rendered":"<p>Vera Tabeling Trio Tiefwurzelnde, traditionelle Sch\u00f6nheit von gestandenen klassischen Jazz-Standards mit inspirierenden Geschichten aus dem Leben gegriffen. Das Vera Tabeling Trio spielt vielgeliebte, alte Jazz-Standards, verleiht den Melodien neues, starkes Leben, und transportiert sie spielerisch in unsere \u00c4ra. Zudem verspricht die Instrumentierung eine interessante Durchmischung und das Trio damit einen unterhaltsamen Auftritt mit spannendem und [&hellip;]<\/p>\n","protected":false},"author":1,"featured_media":0,"parent":0,"menu_order":0,"comment_status":"closed","ping_status":"closed","template":"","meta":{"footnotes":""},"_links":{"self":[{"href":"http:\/\/www.veratabeling.ch\/index.php?rest_route=\/wp\/v2\/pages\/52"}],"collection":[{"href":"http:\/\/www.veratabeling.ch\/index.php?rest_route=\/wp\/v2\/pages"}],"about":[{"href":"http:\/\/www.veratabeling.ch\/index.php?rest_route=\/wp\/v2\/types\/page"}],"author":[{"embeddable":true,"href":"http:\/\/www.veratabeling.ch\/index.php?rest_route=\/wp\/v2\/users\/1"}],"replies":[{"embeddable":true,"href":"http:\/\/www.veratabeling.ch\/index.php?rest_route=%2Fwp%2Fv2%2Fcomments&post=52"}],"version-history":[{"count":15,"href":"http:\/\/www.veratabeling.ch\/index.php?rest_route=\/wp\/v2\/pages\/52\/revisions"}],"predecessor-version":[{"id":285,"href":"http:\/\/www.veratabeling.ch\/index.php?rest_route=\/wp\/v2\/pages\/52\/revisions\/285"}],"wp:attachment":[{"href":"http:\/\/www.veratabeling.ch\/index.php?rest_route=%2Fwp%2Fv2%2Fmedia&parent=52"}],"curies":[{"name":"wp","href":"https:\/\/api.w.org\/{rel}","templated":true}]}}